{"id":87,"date":"2024-08-27T07:34:47","date_gmt":"2024-08-27T07:34:47","guid":{"rendered":"https:\/\/menzerna.optimumcs.rs\/?post_type=product&#038;p=87"},"modified":"2025-11-05T09:27:36","modified_gmt":"2025-11-05T09:27:36","slug":"premium-wax-150mm","status":"publish","type":"product","link":"https:\/\/menzerna.ocslive.com\/en\/product\/premium-wax-150mm\/","title":{"rendered":"Premium Wax( Super Soft) 150mm"},"content":{"rendered":"<p data-start=\"44\" data-end=\"97\"><strong data-start=\"44\" data-end=\"97\">Premium sun\u0111er za poliranje za voskove i sealante (SUPER SOFT)<\/strong><\/p>\n<p data-start=\"99\" data-end=\"338\" data-is-last-node=\"\" data-is-only-node=\"\">Sun\u0111er za poliranje namenjen upotrebi sa auto voskovima i za\u0161titnim premazima (sealantima). Omogu\u0107ava jednostavno i ravnomerno nano\u0161enje Menzerna za\u0161titnih proizvoda. Na taj na\u010din pru\u017ea savr\u0161enu i dugotrajnu za\u0161titu za ispolirane povr\u0161ine.<\/p>\n<p><img loading=\"lazy\" decoding=\"async\" class=\"alignnone wp-image-3420\" src=\"https:\/\/menzerna.optimumcs.rs\/wp-content\/uploads\/2024\/08\/82377478_2190906631217801_557504785293508608_o-300x300.jpg\" alt=\"\" width=\"333\" height=\"333\" \/><\/p>","protected":false},"excerpt":{"rendered":"<h4><strong>Premium Foam Wax (Super Soft)<\/strong><\/h4>\n<p>Dijametar : 150 mm ( sa rupom)<\/p>\n<p><img loading=\"lazy\" decoding=\"async\" class=\"alignnone wp-image-3418\" src=\"https:\/\/menzerna.optimumcs.rs\/wp-content\/uploads\/2024\/08\/Composing_1-300x288.png\" alt=\"\" width=\"132\" height=\"127\" \/><\/p>","protected":false},"featured_media":3497,"template":"","meta":[],"etheme_brands":[],"product_brand":[],"product_cat":[60],"product_tag":[112,108,95,106,96],"class_list":{"0":"post-87","1":"product","2":"type-product","3":"status-publish","4":"has-post-thumbnail","6":"product_cat-accessories","7":"product_tag-145mm","8":"product_tag-foam","9":"product_tag-menzerna","10":"product_tag-pad","11":"product_tag-premium","13":"first","14":"outofstock","15":"taxable","16":"shipping-taxable","17":"purchasable","18":"product-type-simple"},"_links":{"self":[{"href":"https:\/\/menzerna.ocslive.com\/en\/wp-json\/wp\/v2\/product\/87","targetHints":{"allow":["GET"]}}],"collection":[{"href":"https:\/\/menzerna.ocslive.com\/en\/wp-json\/wp\/v2\/product"}],"about":[{"href":"https:\/\/menzerna.ocslive.com\/en\/wp-json\/wp\/v2\/types\/product"}],"version-history":[{"count":0,"href":"https:\/\/menzerna.ocslive.com\/en\/wp-json\/wp\/v2\/product\/87\/revisions"}],"wp:featuredmedia":[{"embeddable":true,"href":"https:\/\/menzerna.ocslive.com\/en\/wp-json\/wp\/v2\/media\/3497"}],"wp:attachment":[{"href":"https:\/\/menzerna.ocslive.com\/en\/wp-json\/wp\/v2\/media?parent=87"}],"wp:term":[{"taxonomy":"brand","embeddable":true,"href":"https:\/\/menzerna.ocslive.com\/en\/wp-json\/wp\/v2\/etheme_brands?post=87"},{"taxonomy":"product_brand","embeddable":true,"href":"https:\/\/menzerna.ocslive.com\/en\/wp-json\/wp\/v2\/product_brand?post=87"},{"taxonomy":"product_cat","embeddable":true,"href":"https:\/\/menzerna.ocslive.com\/en\/wp-json\/wp\/v2\/product_cat?post=87"},{"taxonomy":"product_tag","embeddable":true,"href":"https:\/\/menzerna.ocslive.com\/en\/wp-json\/wp\/v2\/product_tag?post=87"}],"curies":[{"name":"wp","href":"https:\/\/api.w.org\/{rel}","templated":true}]}}