{"id":85,"date":"2024-08-27T07:32:48","date_gmt":"2024-08-27T07:32:48","guid":{"rendered":"https:\/\/menzerna.optimumcs.rs\/?post_type=product&#038;p=85"},"modified":"2025-10-14T11:46:55","modified_gmt":"2025-10-14T11:46:55","slug":"premium-soft-cut-150mm","status":"publish","type":"product","link":"https:\/\/menzerna.ocslive.com\/en\/product\/premium-soft-cut-150mm\/","title":{"rendered":"Premium Soft Cut 150mm"},"content":{"rendered":"<p data-start=\"44\" data-end=\"101\"><strong data-start=\"44\" data-end=\"101\">Premium sun\u0111er za poliranje za politure visokog sjaja<\/strong><\/p>\n<p data-start=\"103\" data-end=\"440\" data-is-last-node=\"\" data-is-only-node=\"\">Sun\u0111er za poliranje namenjen upotrebi sa ne\u017enim politurama za visoki sjaj. U kombinaciji sa Menzerna Finish politurama uklanja holograme i senke, te spre\u010dava zamu\u0107enje povr\u0161ine. Posebno dizajniran polirni sun\u0111er pouzdano poja\u010dava efekat Menzerna zavr\u0161nih politura. Garantuje briljantan dubinski sjaj i savr\u0161en izgled vozila kao sa sajma.<\/p>\n<p><img loading=\"lazy\" decoding=\"async\" class=\"alignnone size-medium wp-image-3420\" src=\"https:\/\/menzerna.optimumcs.rs\/wp-content\/uploads\/2024\/08\/82377478_2190906631217801_557504785293508608_o-300x300.jpg\" alt=\"\" width=\"300\" height=\"300\" \/><\/p>","protected":false},"excerpt":{"rendered":"<h4><strong>Premium Soft Cut Foam 150mm<\/strong><\/h4>\n<p>Dijametar: 150mm ( sa rupom)<\/p>\n<p><img loading=\"lazy\" decoding=\"async\" class=\"alignnone wp-image-3418\" src=\"https:\/\/menzerna.optimumcs.rs\/wp-content\/uploads\/2024\/08\/Composing_1-300x288.png\" alt=\"\" width=\"167\" height=\"160\" \/><\/p>","protected":false},"featured_media":3493,"template":"","meta":[],"etheme_brands":[],"product_brand":[],"product_cat":[60],"product_tag":[110,111,108,95,106,96],"class_list":{"0":"post-85","1":"product","2":"type-product","3":"status-publish","4":"has-post-thumbnail","6":"product_cat-accessories","7":"product_tag-110","8":"product_tag-finish","9":"product_tag-foam","10":"product_tag-menzerna","11":"product_tag-pad","12":"product_tag-premium","14":"first","15":"instock","16":"taxable","17":"shipping-taxable","18":"purchasable","19":"product-type-simple"},"_links":{"self":[{"href":"https:\/\/menzerna.ocslive.com\/en\/wp-json\/wp\/v2\/product\/85","targetHints":{"allow":["GET"]}}],"collection":[{"href":"https:\/\/menzerna.ocslive.com\/en\/wp-json\/wp\/v2\/product"}],"about":[{"href":"https:\/\/menzerna.ocslive.com\/en\/wp-json\/wp\/v2\/types\/product"}],"version-history":[{"count":0,"href":"https:\/\/menzerna.ocslive.com\/en\/wp-json\/wp\/v2\/product\/85\/revisions"}],"wp:featuredmedia":[{"embeddable":true,"href":"https:\/\/menzerna.ocslive.com\/en\/wp-json\/wp\/v2\/media\/3493"}],"wp:attachment":[{"href":"https:\/\/menzerna.ocslive.com\/en\/wp-json\/wp\/v2\/media?parent=85"}],"wp:term":[{"taxonomy":"brand","embeddable":true,"href":"https:\/\/menzerna.ocslive.com\/en\/wp-json\/wp\/v2\/etheme_brands?post=85"},{"taxonomy":"product_brand","embeddable":true,"href":"https:\/\/menzerna.ocslive.com\/en\/wp-json\/wp\/v2\/product_brand?post=85"},{"taxonomy":"product_cat","embeddable":true,"href":"https:\/\/menzerna.ocslive.com\/en\/wp-json\/wp\/v2\/product_cat?post=85"},{"taxonomy":"product_tag","embeddable":true,"href":"https:\/\/menzerna.ocslive.com\/en\/wp-json\/wp\/v2\/product_tag?post=85"}],"curies":[{"name":"wp","href":"https:\/\/api.w.org\/{rel}","templated":true}]}}