{"id":78,"date":"2024-08-27T07:28:20","date_gmt":"2024-08-27T07:28:20","guid":{"rendered":"https:\/\/menzerna.optimumcs.rs\/?post_type=product&#038;p=78"},"modified":"2025-10-14T11:47:33","modified_gmt":"2025-10-14T11:47:33","slug":"premium-medium-cut-150-mm","status":"publish","type":"product","link":"https:\/\/menzerna.ocslive.com\/en\/product\/premium-medium-cut-150-mm\/","title":{"rendered":"Premium Medium Cut 150 mm"},"content":{"rendered":"<p data-start=\"44\" data-end=\"102\"><strong data-start=\"44\" data-end=\"102\">Premium sun\u0111er za poliranje za fine abrazivne politure<\/strong><\/p>\n<p data-start=\"104\" data-end=\"379\" data-is-last-node=\"\" data-is-only-node=\"\">Sun\u0111er za poliranje namenjen upotrebi sa srednje grubim abrazivnim politurama. U kombinaciji sa Menzerna Medium Cut politurama uklanja bla\u017ee ogrebotine, holograme i nepravilnosti na povr\u0161ini. Jedinstvena formulacija sun\u0111era obezbe\u0111uje savr\u0161en balans izme\u0111u korekcije i sjaja.<\/p>\n<p><img loading=\"lazy\" decoding=\"async\" class=\"alignnone size-medium wp-image-3420\" src=\"https:\/\/menzerna.optimumcs.rs\/wp-content\/uploads\/2024\/08\/82377478_2190906631217801_557504785293508608_o-300x300.jpg\" alt=\"\" width=\"300\" height=\"300\" \/><\/p>","protected":false},"excerpt":{"rendered":"<h4><strong>Premium Medium Cut Foam Pad<\/strong><\/h4>\n<p>Dijametar: 150 mm ( sa rupom)<\/p>\n<p><img loading=\"lazy\" decoding=\"async\" class=\"alignnone wp-image-3418\" src=\"https:\/\/menzerna.optimumcs.rs\/wp-content\/uploads\/2024\/08\/Composing_1-300x288.png\" alt=\"\" width=\"205\" height=\"197\" \/><\/p>","protected":false},"featured_media":3484,"template":"","meta":[],"etheme_brands":[],"product_brand":[],"product_cat":[55],"product_tag":[93,104,95,106,96,109],"class_list":{"0":"post-78","1":"product","2":"type-product","3":"status-publish","4":"has-post-thumbnail","6":"product_cat-medium-cut","7":"product_tag-heavy","8":"product_tag-medium","9":"product_tag-menzerna","10":"product_tag-pad","11":"product_tag-premium","12":"product_tag-super","14":"first","15":"instock","16":"taxable","17":"shipping-taxable","18":"purchasable","19":"product-type-simple"},"_links":{"self":[{"href":"https:\/\/menzerna.ocslive.com\/en\/wp-json\/wp\/v2\/product\/78","targetHints":{"allow":["GET"]}}],"collection":[{"href":"https:\/\/menzerna.ocslive.com\/en\/wp-json\/wp\/v2\/product"}],"about":[{"href":"https:\/\/menzerna.ocslive.com\/en\/wp-json\/wp\/v2\/types\/product"}],"version-history":[{"count":0,"href":"https:\/\/menzerna.ocslive.com\/en\/wp-json\/wp\/v2\/product\/78\/revisions"}],"wp:featuredmedia":[{"embeddable":true,"href":"https:\/\/menzerna.ocslive.com\/en\/wp-json\/wp\/v2\/media\/3484"}],"wp:attachment":[{"href":"https:\/\/menzerna.ocslive.com\/en\/wp-json\/wp\/v2\/media?parent=78"}],"wp:term":[{"taxonomy":"brand","embeddable":true,"href":"https:\/\/menzerna.ocslive.com\/en\/wp-json\/wp\/v2\/etheme_brands?post=78"},{"taxonomy":"product_brand","embeddable":true,"href":"https:\/\/menzerna.ocslive.com\/en\/wp-json\/wp\/v2\/product_brand?post=78"},{"taxonomy":"product_cat","embeddable":true,"href":"https:\/\/menzerna.ocslive.com\/en\/wp-json\/wp\/v2\/product_cat?post=78"},{"taxonomy":"product_tag","embeddable":true,"href":"https:\/\/menzerna.ocslive.com\/en\/wp-json\/wp\/v2\/product_tag?post=78"}],"curies":[{"name":"wp","href":"https:\/\/api.w.org\/{rel}","templated":true}]}}