{"id":65,"date":"2024-08-26T13:19:07","date_gmt":"2024-08-26T13:19:07","guid":{"rendered":"https:\/\/menzerna.optimumcs.rs\/?post_type=product&#038;p=65"},"modified":"2025-10-14T11:48:21","modified_gmt":"2025-10-14T11:48:21","slug":"orbital-wool-pad","status":"publish","type":"product","link":"https:\/\/menzerna.ocslive.com\/en\/product\/orbital-wool-pad\/","title":{"rendered":"Orbital Wool Pad 140mm"},"content":{"rendered":"<p data-start=\"44\" data-end=\"97\"><strong data-start=\"44\" data-end=\"97\">Lambswool sun\u0111er za poliranje za orbitalne ma\u0161ine<\/strong><\/p>\n<p data-start=\"99\" data-end=\"491\" data-is-last-node=\"\" data-is-only-node=\"\">U kombinaciji sa Menzerna Heavy Cut politurama, <strong data-start=\"147\" data-end=\"176\">Menzerna Premium Orbital Wool Pad<\/strong> uklanja ogrebotine, tragove bru\u0161enja i duboke nepravilnosti na povr\u0161ini u rekordnom roku. Ovaj premium sun\u0111er za poliranje od jagnje\u0107e vune sastoji se od abrazivne vunene povr\u0161ine i me\u0111usloja od pene. Kratka dlaka jagnje\u0107e vune idealna je za uklanjanje ogrebotina prilikom rada sa orbitalnim ma\u0161inama za poliranje.<\/p>\n<p><img loading=\"lazy\" decoding=\"async\" class=\"alignnone size-medium wp-image-3457\" src=\"https:\/\/menzerna.optimumcs.rs\/wp-content\/uploads\/2024\/08\/OrbitalWoolPad-140mm-Back-258x300.png\" alt=\"\" width=\"258\" height=\"300\" \/><\/p>","protected":false},"excerpt":{"rendered":"<h4><b>Premium Orbital Wool Pad<\/b><\/h4>\n<p>Dijametar : 140mm \u00a0( 5,5&#8242; ) (sa rupom)<\/p>\n<p><img loading=\"lazy\" decoding=\"async\" class=\"alignnone wp-image-3418\" src=\"https:\/\/menzerna.optimumcs.rs\/wp-content\/uploads\/2024\/08\/Composing_1-300x288.png\" alt=\"\" width=\"209\" height=\"201\" \/><\/p>","protected":false},"featured_media":3472,"template":"","meta":[],"etheme_brands":[],"product_brand":[],"product_cat":[15,60],"product_tag":[106,96,107],"class_list":{"0":"post-65","1":"product","2":"type-product","3":"status-publish","4":"has-post-thumbnail","6":"product_cat-uncategorized","7":"product_cat-accessories","8":"product_tag-pad","9":"product_tag-premium","10":"product_tag-wool","12":"first","13":"instock","14":"taxable","15":"shipping-taxable","16":"purchasable","17":"product-type-simple"},"_links":{"self":[{"href":"https:\/\/menzerna.ocslive.com\/en\/wp-json\/wp\/v2\/product\/65","targetHints":{"allow":["GET"]}}],"collection":[{"href":"https:\/\/menzerna.ocslive.com\/en\/wp-json\/wp\/v2\/product"}],"about":[{"href":"https:\/\/menzerna.ocslive.com\/en\/wp-json\/wp\/v2\/types\/product"}],"version-history":[{"count":0,"href":"https:\/\/menzerna.ocslive.com\/en\/wp-json\/wp\/v2\/product\/65\/revisions"}],"wp:featuredmedia":[{"embeddable":true,"href":"https:\/\/menzerna.ocslive.com\/en\/wp-json\/wp\/v2\/media\/3472"}],"wp:attachment":[{"href":"https:\/\/menzerna.ocslive.com\/en\/wp-json\/wp\/v2\/media?parent=65"}],"wp:term":[{"taxonomy":"brand","embeddable":true,"href":"https:\/\/menzerna.ocslive.com\/en\/wp-json\/wp\/v2\/etheme_brands?post=65"},{"taxonomy":"product_brand","embeddable":true,"href":"https:\/\/menzerna.ocslive.com\/en\/wp-json\/wp\/v2\/product_brand?post=65"},{"taxonomy":"product_cat","embeddable":true,"href":"https:\/\/menzerna.ocslive.com\/en\/wp-json\/wp\/v2\/product_cat?post=65"},{"taxonomy":"product_tag","embeddable":true,"href":"https:\/\/menzerna.ocslive.com\/en\/wp-json\/wp\/v2\/product_tag?post=65"}],"curies":[{"name":"wp","href":"https:\/\/api.w.org\/{rel}","templated":true}]}}