{"id":45,"date":"2024-08-26T12:49:20","date_gmt":"2024-08-26T12:49:20","guid":{"rendered":"https:\/\/menzerna.optimumcs.rs\/?post_type=product&#038;p=45"},"modified":"2025-10-14T11:49:58","modified_gmt":"2025-10-14T11:49:58","slug":"heavy-cut-compound-400","status":"publish","type":"product","link":"https:\/\/menzerna.ocslive.com\/en\/product\/heavy-cut-compound-400\/","title":{"rendered":"Heavy Cut Compound 400 &#8211; 1 Liter"},"content":{"rendered":"<p data-start=\"48\" data-end=\"128\"><strong data-start=\"48\" data-end=\"128\">Inovativna auto politura koja u jednom koraku uklanja ogrebotine i daje sjaj<\/strong><\/p>\n<p data-start=\"130\" data-end=\"515\" data-is-last-node=\"\" data-is-only-node=\"\">Profesionalna politura za automobilske bezbojne lakove \u2013 sa novom i pobolj\u0161anom formulom \u2013 uvek ostavlja blistav utisak. Kao omiljena politura profesionalnih detailera, u rekordnom roku uklanja tragove bru\u0161enja, brzo otklanja ogrebotine na vozilu i stvara sjaj do samog zavr\u0161etka. Zahvaljuju\u0107i najsavremenijoj tehnologiji poliranja sa abrazivnim \u010desticama koje se postepeno razgra\u0111uju.<br \/>\n<strong><em>Improved formula od 2024 god<\/em><\/strong><\/p>","protected":false},"excerpt":{"rendered":"<p><strong>Heavy Cut Compound 400<br \/>\nCut : 8 \/\u00a0Gloss : 8<\/strong><\/p>\n<p>Pakovanje: 1 litar<\/p>\n<p><img loading=\"lazy\" decoding=\"async\" class=\"alignnone size-medium wp-image-3041\" src=\"https:\/\/menzerna.optimumcs.rs\/wp-content\/uploads\/2024\/08\/4-300x140.jpg\" alt=\"\" width=\"300\" height=\"140\" srcset=\"https:\/\/menzerna.ocslive.com\/wp-content\/uploads\/2024\/08\/4-300x140.jpg 300w, https:\/\/menzerna.ocslive.com\/wp-content\/uploads\/2024\/08\/4-150x70.jpg 150w, https:\/\/menzerna.ocslive.com\/wp-content\/uploads\/2024\/08\/4-768x359.jpg 768w, https:\/\/menzerna.ocslive.com\/wp-content\/uploads\/2024\/08\/4-1x1.jpg 1w, https:\/\/menzerna.ocslive.com\/wp-content\/uploads\/2024\/08\/4-10x5.jpg 10w, https:\/\/menzerna.ocslive.com\/wp-content\/uploads\/2024\/08\/4.jpg 950w\" sizes=\"auto, (max-width: 300px) 100vw, 300px\" \/>\u00a0\u00a0<img loading=\"lazy\" decoding=\"async\" class=\"alignnone wp-image-3427\" src=\"https:\/\/menzerna.optimumcs.rs\/wp-content\/uploads\/2024\/08\/180410_Profilbild_Balkan-300x300.png\" alt=\"\" width=\"117\" height=\"117\" \/><\/p>","protected":false},"featured_media":3457,"template":"","meta":[],"etheme_brands":[],"product_brand":[],"product_cat":[56],"product_tag":[92,93,94,95,96,97,98],"class_list":{"0":"post-45","1":"product","2":"type-product","3":"status-publish","4":"has-post-thumbnail","6":"product_cat-heavy-cut","7":"product_tag-hcc400","8":"product_tag-heavy","9":"product_tag-heavy-cut","10":"product_tag-menzerna","11":"product_tag-premium","12":"product_tag-serbia","13":"product_tag-srbija","15":"first","16":"outofstock","17":"taxable","18":"shipping-taxable","19":"purchasable","20":"product-type-simple"},"_links":{"self":[{"href":"https:\/\/menzerna.ocslive.com\/en\/wp-json\/wp\/v2\/product\/45","targetHints":{"allow":["GET"]}}],"collection":[{"href":"https:\/\/menzerna.ocslive.com\/en\/wp-json\/wp\/v2\/product"}],"about":[{"href":"https:\/\/menzerna.ocslive.com\/en\/wp-json\/wp\/v2\/types\/product"}],"version-history":[{"count":0,"href":"https:\/\/menzerna.ocslive.com\/en\/wp-json\/wp\/v2\/product\/45\/revisions"}],"wp:featuredmedia":[{"embeddable":true,"href":"https:\/\/menzerna.ocslive.com\/en\/wp-json\/wp\/v2\/media\/3457"}],"wp:attachment":[{"href":"https:\/\/menzerna.ocslive.com\/en\/wp-json\/wp\/v2\/media?parent=45"}],"wp:term":[{"taxonomy":"brand","embeddable":true,"href":"https:\/\/menzerna.ocslive.com\/en\/wp-json\/wp\/v2\/etheme_brands?post=45"},{"taxonomy":"product_brand","embeddable":true,"href":"https:\/\/menzerna.ocslive.com\/en\/wp-json\/wp\/v2\/product_brand?post=45"},{"taxonomy":"product_cat","embeddable":true,"href":"https:\/\/menzerna.ocslive.com\/en\/wp-json\/wp\/v2\/product_cat?post=45"},{"taxonomy":"product_tag","embeddable":true,"href":"https:\/\/menzerna.ocslive.com\/en\/wp-json\/wp\/v2\/product_tag?post=45"}],"curies":[{"name":"wp","href":"https:\/\/api.w.org\/{rel}","templated":true}]}}