{"id":36,"date":"2024-08-26T12:31:33","date_gmt":"2024-08-26T12:31:33","guid":{"rendered":"https:\/\/menzerna.optimumcs.rs\/?post_type=product&#038;p=36"},"modified":"2025-10-14T11:51:12","modified_gmt":"2025-10-14T11:51:12","slug":"hcc-400-green-line","status":"publish","type":"product","link":"https:\/\/menzerna.ocslive.com\/en\/product\/hcc-400-green-line\/","title":{"rendered":"Heavy Cut C. 400 (Green Line) 250 ml"},"content":{"rendered":"<div class=\"desc\">\n<h3 data-start=\"113\" data-end=\"176\">Heavy CUT Compound 400 (Green Line)<br \/>\nSnaga i sjaj u jednoj pasti!<\/h3>\n<p data-start=\"177\" data-end=\"491\">Menzerna <strong>Heavy Cut Compound 400 Green Line<\/strong> je profesionalna pasta za poliranje visokih performansi, razvijena za brzo uklanjanje ogrebotina, tragova \u0161mirgle i jakih o\u0161te\u0107enja laka. Zahvaljuju\u0107i inovativnoj formuli bez silikona i rastvara\u010da, pogodna je i za ekolo\u0161ki osve\u0161\u0107ene korisnike i za industrijsku primenu.<\/p>\n<p data-start=\"493\" data-end=\"711\">\u2705 Uklanja tragove bru\u0161enja do P1500<br data-start=\"528\" data-end=\"531\" \/>\u2705 Ostvaruje visok sjaj u jednom koraku<br data-start=\"569\" data-end=\"572\" \/>\u2705 Dugotrajni rezultati bez holograma<br data-start=\"608\" data-end=\"611\" \/>\u2705 Ekolo\u0161ka formula \u2013 bez rastvara\u010da i silikona<br data-start=\"657\" data-end=\"660\" \/>\u2705 Idealna za automobilske i industrijske povr\u0161ine<\/p>\n<p>Pasta za poliranje je bez VOC jedinjenja u skladu sa DIN EN ISO 11890-2 standardom. Ne sadr\u017ei opasna, isparljiva rastvara\u010da. Zahvaljuju\u0107i novoj tehnologiji poliranja sa podeljenim abrazivnim zrncima, proces rada je zna\u010dajno unapre\u0111en. To omogu\u0107ava prijatan rad bez neprijatnih mirisa \u2013 sve do zavr\u0161ne faze poliranja.<\/p>\n<p><img loading=\"lazy\" decoding=\"async\" class=\"alignnone size-medium wp-image-3385\" src=\"https:\/\/menzerna.optimumcs.rs\/wp-content\/uploads\/2024\/10\/csm_VOC-FREE-Badge-en_bf2cb746b2-300x88.png\" alt=\"\" width=\"300\" height=\"88\" \/><\/p>\n<p><img loading=\"lazy\" decoding=\"async\" class=\"alignnone size-medium wp-image-3801\" src=\"https:\/\/menzerna-shop.rs\/wp-content\/uploads\/2024\/08\/Screen-Shot-2025-09-30-at-14.23.55-300x300.png\" alt=\"\" width=\"300\" height=\"300\" srcset=\"https:\/\/menzerna.ocslive.com\/wp-content\/uploads\/2024\/08\/Screen-Shot-2025-09-30-at-14.23.55-300x300.png 300w, https:\/\/menzerna.ocslive.com\/wp-content\/uploads\/2024\/08\/Screen-Shot-2025-09-30-at-14.23.55-150x150.png 150w, https:\/\/menzerna.ocslive.com\/wp-content\/uploads\/2024\/08\/Screen-Shot-2025-09-30-at-14.23.55-12x12.png 12w, https:\/\/menzerna.ocslive.com\/wp-content\/uploads\/2024\/08\/Screen-Shot-2025-09-30-at-14.23.55-100x100.png 100w, https:\/\/menzerna.ocslive.com\/wp-content\/uploads\/2024\/08\/Screen-Shot-2025-09-30-at-14.23.55-1x1.png 1w, https:\/\/menzerna.ocslive.com\/wp-content\/uploads\/2024\/08\/Screen-Shot-2025-09-30-at-14.23.55-10x10.png 10w, https:\/\/menzerna.ocslive.com\/wp-content\/uploads\/2024\/08\/Screen-Shot-2025-09-30-at-14.23.55.png 563w\" sizes=\"auto, (max-width: 300px) 100vw, 300px\" \/><\/p>\n<\/div>","protected":false},"excerpt":{"rendered":"<h4><b>Heavy Cut 400 Green Line &#8211; <span style=\"color: #00ff00;\">\u00a0VOC free<\/span><\/b><\/h4>\n<h4><b><\/b>Menzerna Heavy Cut Compound 400 Green Line je mo\u0107na polir pasta za dubinsko uklanjanje ogrebotina, oksidacije i te\u0161kih o\u0161te\u0107enja laka. Idealan za brzo i efikasno skidanje tragova bru\u0161enja, pru\u017eaju\u0107i odli\u010dnu osnovu za zavr\u0161no poliranje.<\/h4>\n<p><b>Cut: 8<br \/>\nGloss: 8<br \/>\nPakovanje: 250ml<\/b><\/p>\n<p><img loading=\"lazy\" decoding=\"async\" class=\"alignnone size-medium wp-image-3041\" src=\"https:\/\/menzerna.optimumcs.rs\/wp-content\/uploads\/2024\/08\/4-300x140.jpg\" alt=\"\" width=\"300\" height=\"140\" srcset=\"https:\/\/menzerna.ocslive.com\/wp-content\/uploads\/2024\/08\/4-300x140.jpg 300w, https:\/\/menzerna.ocslive.com\/wp-content\/uploads\/2024\/08\/4-150x70.jpg 150w, https:\/\/menzerna.ocslive.com\/wp-content\/uploads\/2024\/08\/4-768x359.jpg 768w, https:\/\/menzerna.ocslive.com\/wp-content\/uploads\/2024\/08\/4-1x1.jpg 1w, https:\/\/menzerna.ocslive.com\/wp-content\/uploads\/2024\/08\/4-10x5.jpg 10w, https:\/\/menzerna.ocslive.com\/wp-content\/uploads\/2024\/08\/4.jpg 950w\" sizes=\"auto, (max-width: 300px) 100vw, 300px\" \/><\/p>","protected":false},"featured_media":3452,"template":"","meta":[],"etheme_brands":[],"product_brand":[],"product_cat":[56],"product_tag":[140,115,93,139,95,96,97,98],"class_list":{"0":"post-36","1":"product","2":"type-product","3":"status-publish","4":"has-post-thumbnail","6":"product_cat-heavy-cut","7":"product_tag-green-line","8":"product_tag-greenline","9":"product_tag-heavy","10":"product_tag-heavy-cut-400","11":"product_tag-menzerna","12":"product_tag-premium","13":"product_tag-serbia","14":"product_tag-srbija","16":"first","17":"outofstock","18":"taxable","19":"shipping-taxable","20":"purchasable","21":"product-type-simple"},"_links":{"self":[{"href":"https:\/\/menzerna.ocslive.com\/en\/wp-json\/wp\/v2\/product\/36","targetHints":{"allow":["GET"]}}],"collection":[{"href":"https:\/\/menzerna.ocslive.com\/en\/wp-json\/wp\/v2\/product"}],"about":[{"href":"https:\/\/menzerna.ocslive.com\/en\/wp-json\/wp\/v2\/types\/product"}],"version-history":[{"count":0,"href":"https:\/\/menzerna.ocslive.com\/en\/wp-json\/wp\/v2\/product\/36\/revisions"}],"wp:featuredmedia":[{"embeddable":true,"href":"https:\/\/menzerna.ocslive.com\/en\/wp-json\/wp\/v2\/media\/3452"}],"wp:attachment":[{"href":"https:\/\/menzerna.ocslive.com\/en\/wp-json\/wp\/v2\/media?parent=36"}],"wp:term":[{"taxonomy":"brand","embeddable":true,"href":"https:\/\/menzerna.ocslive.com\/en\/wp-json\/wp\/v2\/etheme_brands?post=36"},{"taxonomy":"product_brand","embeddable":true,"href":"https:\/\/menzerna.ocslive.com\/en\/wp-json\/wp\/v2\/product_brand?post=36"},{"taxonomy":"product_cat","embeddable":true,"href":"https:\/\/menzerna.ocslive.com\/en\/wp-json\/wp\/v2\/product_cat?post=36"},{"taxonomy":"product_tag","embeddable":true,"href":"https:\/\/menzerna.ocslive.com\/en\/wp-json\/wp\/v2\/product_tag?post=36"}],"curies":[{"name":"wp","href":"https:\/\/api.w.org\/{rel}","templated":true}]}}