{"id":118,"date":"2024-08-27T12:36:10","date_gmt":"2024-08-27T12:36:10","guid":{"rendered":"https:\/\/menzerna.optimumcs.rs\/?post_type=product&#038;p=118"},"modified":"2025-10-14T11:41:49","modified_gmt":"2025-10-14T11:41:49","slug":"menzerna-premium-power-cut-200-1l","status":"publish","type":"product","link":"https:\/\/menzerna.ocslive.com\/en\/product\/menzerna-premium-power-cut-200-1l\/","title":{"rendered":"Premium Power Cut 200 1L ( Marine)"},"content":{"rendered":"<div class=\"desc\">\n<div class=\"desc\">\n<p><strong>Menzerna Premium Power Cut 200 1L &#8211;\u00a0 ( Marine Line)<\/strong><\/p>\n<p><strong>Premium Power Cut 200 (PPC 200)<\/strong> je vrhunska polir pasta namenjena za maksimalno uklanjanje tragova bru\u0161enja i postizanje visokog sjaja na <strong>gelcoatu, topcoatu, GFC-u, CFRP-u, kompozitima, pleksiglasu, PE smoli i lakovima za \u010damce<\/strong>. Premium Power Cut 200 pru\u017ea savr\u0161ene rezultate kako u industrijskoj proizvodnji \u010damaca i kamp-prikolica, tako i u njihovoj restauraciji. Zahvaljuju\u0107i maloj potro\u0161nji i maksimalnoj snazi uklanjanja, omogu\u0107ava zna\u010dajne <strong>u\u0161tede tro\u0161kova<\/strong>.<\/p>\n<hr \/>\n<h3><strong>Preporu\u010dena upotreba:<\/strong><\/h3>\n<ol>\n<li>Temeljno o\u010distite povr\u0161inu.<\/li>\n<li>Promu\u0107kajte bocu i nanesite oko <strong>15 g paste<\/strong> na <strong>duplo runo (dvostranu vunu)<\/strong>.<\/li>\n<li>Radite <strong>ukr\u0161tenim pokretima<\/strong>. Tokom poliranja primenjujte <strong>jak i ujedna\u010den pritisak<\/strong> i odr\u017eavajte <strong>nisku brzinu<\/strong>. Kada se proizvod ravnomerno rasporedi po povr\u0161ini i nakon nekoliko sekundi po\u010dne da deluje, pove\u0107ajte brzinu. Radite na \u0161to ve\u0107oj povr\u0161ini kako biste <strong>smanjili lokalno zagrevanje<\/strong>.<\/li>\n<li>Poliranje je zavr\u0161eno kada je na povr\u0161ini vidljiv samo <strong>blago providan ili uljani film<\/strong>.<\/li>\n<li>Ostatke paste obri\u0161ite <strong>mikrofiber krpom<\/strong>. Po \u017eelji, povr\u0161inu o\u010distite <strong>Menzerna Control Cleanerom<\/strong> da biste proverili rezultat poliranja.<\/li>\n<li>Tragovi bru\u0161enja i upotrebe su sada uklonjeni. Za <strong>visoki sjaj<\/strong>, koristite <strong>Menzerna zavr\u0161ni proizvod (finishing polish)<\/strong> po potrebi \u2014 naro\u010dito kod tamnih lakova, radi uklanjanja <strong>holograma i tragova poliranja<\/strong>.<\/li>\n<\/ol>\n<\/div>\n<p>7. Pakovanje : 1000ml<\/p>\n<\/div>","protected":false},"excerpt":{"rendered":"<p><strong>Menzerna\u00a0Premium Power Cut 200 1L<\/strong><\/p>\n<p>Pakovanje : 1000ml<\/p>\n<p><img loading=\"lazy\" decoding=\"async\" class=\"alignnone size-medium wp-image-3784\" src=\"https:\/\/menzerna-shop.rs\/wp-content\/uploads\/2024\/08\/Screen-Shot-2025-10-08-at-13.50.30-300x104.png\" alt=\"\" width=\"300\" height=\"104\" srcset=\"https:\/\/menzerna.ocslive.com\/wp-content\/uploads\/2024\/08\/Screen-Shot-2025-10-08-at-13.50.30-300x104.png 300w, https:\/\/menzerna.ocslive.com\/wp-content\/uploads\/2024\/08\/Screen-Shot-2025-10-08-at-13.50.30-18x6.png 18w, https:\/\/menzerna.ocslive.com\/wp-content\/uploads\/2024\/08\/Screen-Shot-2025-10-08-at-13.50.30-150x52.png 150w, https:\/\/menzerna.ocslive.com\/wp-content\/uploads\/2024\/08\/Screen-Shot-2025-10-08-at-13.50.30-1x1.png 1w, https:\/\/menzerna.ocslive.com\/wp-content\/uploads\/2024\/08\/Screen-Shot-2025-10-08-at-13.50.30-10x3.png 10w, https:\/\/menzerna.ocslive.com\/wp-content\/uploads\/2024\/08\/Screen-Shot-2025-10-08-at-13.50.30.png 604w\" sizes=\"auto, (max-width: 300px) 100vw, 300px\" \/><\/p>","protected":false},"featured_media":3510,"template":"","meta":[],"etheme_brands":[],"product_brand":[],"product_cat":[56,58],"product_tag":[103,111,94,145,95,106,105,146,97,98,109],"class_list":{"0":"post-118","1":"product","2":"type-product","3":"status-publish","4":"has-post-thumbnail","6":"product_cat-heavy-cut","7":"product_cat-marine","8":"product_tag-cut","9":"product_tag-finish","10":"product_tag-heavy-cut","11":"product_tag-marine-line","12":"product_tag-menzerna","13":"product_tag-pad","14":"product_tag-polish","15":"product_tag-premium-power-cut-200","16":"product_tag-serbia","17":"product_tag-srbija","18":"product_tag-super","20":"first","21":"outofstock","22":"taxable","23":"shipping-taxable","24":"purchasable","25":"product-type-simple"},"_links":{"self":[{"href":"https:\/\/menzerna.ocslive.com\/en\/wp-json\/wp\/v2\/product\/118","targetHints":{"allow":["GET"]}}],"collection":[{"href":"https:\/\/menzerna.ocslive.com\/en\/wp-json\/wp\/v2\/product"}],"about":[{"href":"https:\/\/menzerna.ocslive.com\/en\/wp-json\/wp\/v2\/types\/product"}],"version-history":[{"count":0,"href":"https:\/\/menzerna.ocslive.com\/en\/wp-json\/wp\/v2\/product\/118\/revisions"}],"wp:featuredmedia":[{"embeddable":true,"href":"https:\/\/menzerna.ocslive.com\/en\/wp-json\/wp\/v2\/media\/3510"}],"wp:attachment":[{"href":"https:\/\/menzerna.ocslive.com\/en\/wp-json\/wp\/v2\/media?parent=118"}],"wp:term":[{"taxonomy":"brand","embeddable":true,"href":"https:\/\/menzerna.ocslive.com\/en\/wp-json\/wp\/v2\/etheme_brands?post=118"},{"taxonomy":"product_brand","embeddable":true,"href":"https:\/\/menzerna.ocslive.com\/en\/wp-json\/wp\/v2\/product_brand?post=118"},{"taxonomy":"product_cat","embeddable":true,"href":"https:\/\/menzerna.ocslive.com\/en\/wp-json\/wp\/v2\/product_cat?post=118"},{"taxonomy":"product_tag","embeddable":true,"href":"https:\/\/menzerna.ocslive.com\/en\/wp-json\/wp\/v2\/product_tag?post=118"}],"curies":[{"name":"wp","href":"https:\/\/api.w.org\/{rel}","templated":true}]}}